{"id":3277,"date":"2022-02-01T15:29:17","date_gmt":"2022-02-01T14:29:17","guid":{"rendered":"https:\/\/www.detry.com\/soziales-engagement\/"},"modified":"2025-02-28T11:05:27","modified_gmt":"2025-02-28T10:05:27","slug":"soziales-engagement","status":"publish","type":"page","link":"https:\/\/www.detry.com\/de\/soziales-engagement\/","title":{"rendered":"Soziales Engagement"},"content":{"rendered":"\t\t<div data-elementor-type=\"wp-page\" data-elementor-id=\"3277\" class=\"elementor elementor-3277 elementor-2824\" data-elementor-post-type=\"page\">\n\t\t\t\t\t\t<section class=\"elementor-section elementor-top-section elementor-element elementor-element-6378591f elementor-section-full_width elementor-section-height-min-height elementor-section-items-stretch elementor-section-height-default\" data-id=\"6378591f\" data-element_type=\"section\" data-e-type=\"section\">\n\t\t\t\t\t\t<div class=\"elementor-container elementor-column-gap-no\">\n\t\t\t\t\t<div class=\"elementor-column elementor-col-50 elementor-top-column elementor-element elementor-element-3f64f289\" data-id=\"3f64f289\" data-element_type=\"column\" data-e-type=\"column\">\n\t\t\t<div class=\"elementor-widget-wrap elementor-element-populated\">\n\t\t\t\t\t\t<section class=\"elementor-section elementor-inner-section elementor-element elementor-element-8b30e7f elementor-section-boxed elementor-section-height-default elementor-section-height-default elementor-invisible\" data-id=\"8b30e7f\" data-element_type=\"section\" data-e-type=\"section\" data-settings=\"{&quot;animation&quot;:&quot;slideInLeft&quot;}\">\n\t\t\t\t\t\t<div class=\"elementor-container elementor-column-gap-no\">\n\t\t\t\t\t<div class=\"elementor-column elementor-col-100 elementor-inner-column elementor-element elementor-element-25883b\" data-id=\"25883b\" data-element_type=\"column\" data-e-type=\"column\">\n\t\t\t<div class=\"elementor-widget-wrap elementor-element-populated\">\n\t\t\t\t\t\t<div class=\"elementor-element elementor-element-2c1d24d5 elementor-widget elementor-widget-heading\" data-id=\"2c1d24d5\" data-element_type=\"widget\" data-e-type=\"widget\" data-widget_type=\"heading.default\">\n\t\t\t\t<div class=\"elementor-widget-container\">\n\t\t\t\t\t<div class=\"elementor-heading-title elementor-size-default\">Unser Unternehmen<\/div>\t\t\t\t<\/div>\n\t\t\t\t<\/div>\n\t\t\t\t<div class=\"elementor-element elementor-element-ec8181e elementor-widget elementor-widget-heading\" data-id=\"ec8181e\" data-element_type=\"widget\" data-e-type=\"widget\" data-widget_type=\"heading.default\">\n\t\t\t\t<div class=\"elementor-widget-container\">\n\t\t\t\t\t<h1 class=\"elementor-heading-title elementor-size-default\">Unsere Engagements<\/h1>\t\t\t\t<\/div>\n\t\t\t\t<\/div>\n\t\t\t\t\t<\/div>\n\t\t<\/div>\n\t\t\t\t\t<\/div>\n\t\t<\/section>\n\t\t\t\t\t<\/div>\n\t\t<\/div>\n\t\t\t\t<div class=\"elementor-column elementor-col-50 elementor-top-column elementor-element elementor-element-36defee8\" data-id=\"36defee8\" data-element_type=\"column\" data-e-type=\"column\" data-settings=\"{&quot;background_background&quot;:&quot;classic&quot;}\">\n\t\t\t<div class=\"elementor-widget-wrap elementor-element-populated\">\n\t\t\t\t\t\t<div class=\"elementor-element elementor-element-1dd639a elementor-widget elementor-widget-spacer\" data-id=\"1dd639a\" data-element_type=\"widget\" data-e-type=\"widget\" data-widget_type=\"spacer.default\">\n\t\t\t\t<div class=\"elementor-widget-container\">\n\t\t\t\t\t\t\t<div class=\"elementor-spacer\">\n\t\t\t<div class=\"elementor-spacer-inner\"><\/div>\n\t\t<\/div>\n\t\t\t\t\t\t<\/div>\n\t\t\t\t<\/div>\n\t\t\t\t\t<\/div>\n\t\t<\/div>\n\t\t\t\t\t<\/div>\n\t\t<\/section>\n\t\t\t\t<section class=\"elementor-section elementor-top-section elementor-element elementor-element-059f268 elementor-section-boxed elementor-section-height-default elementor-section-height-default\" data-id=\"059f268\" data-element_type=\"section\" data-e-type=\"section\">\n\t\t\t\t\t\t<div class=\"elementor-container elementor-column-gap-default\">\n\t\t\t\t\t<div class=\"elementor-column elementor-col-100 elementor-top-column elementor-element elementor-element-d340b0a\" data-id=\"d340b0a\" data-element_type=\"column\" data-e-type=\"column\">\n\t\t\t<div class=\"elementor-widget-wrap elementor-element-populated\">\n\t\t\t\t\t\t<div class=\"elementor-element elementor-element-e9b3c01 elementor-widget elementor-widget-text-editor\" data-id=\"e9b3c01\" data-element_type=\"widget\" data-e-type=\"widget\" data-widget_type=\"text-editor.default\">\n\t\t\t\t<div class=\"elementor-widget-container\">\n\t\t\t\t\t\t\t\t\t<p>Detry liefert nicht nur Fleischwaren von erstklassiger Qualit\u00e4t, sondern legt ebenfalls viel Wert darauf, dass die Gesch\u00e4ftst\u00e4tigkeit in Einklang mit den geltenten Rechtsvorschriften und den Prinzipien der Integrit\u00e4t und der Ehrlichkeit ausgef\u00fchrt wird.<\/p>\n<p>Um die Einhaltung dieser Gesetze und Prinzipien zu gew\u00e4hrleisten, st\u00fctzen wir uns auf den Verhaltenskodex (Personal und Lieferanten) und auf die Governance-Charta, die dazu da sind, st\u00e4ndig angewandt zu werden. Die darin enthaltenen Vorschriften, die Sie unten einsehen k\u00f6nnen, bilden der Grundger\u00fcst einer gesunden Zusammenarbeit und zielen auf die Achtung unserer Werte, unserer Ethik und der geltenden Gesetze ab.<\/p>\n\t\t\t\t\t\t\t\t<\/div>\n\t\t\t\t<\/div>\n\t\t\t\t\t<\/div>\n\t\t<\/div>\n\t\t\t\t\t<\/div>\n\t\t<\/section>\n\t\t\t\t<section class=\"elementor-section elementor-top-section elementor-element elementor-element-072065a elementor-section-boxed elementor-section-height-default elementor-section-height-default\" data-id=\"072065a\" data-element_type=\"section\" data-e-type=\"section\">\n\t\t\t\t\t\t<div class=\"elementor-container elementor-column-gap-default\">\n\t\t\t\t\t<div class=\"elementor-column elementor-col-33 elementor-top-column elementor-element elementor-element-758e41e\" data-id=\"758e41e\" data-element_type=\"column\" data-e-type=\"column\">\n\t\t\t<div class=\"elementor-widget-wrap elementor-element-populated\">\n\t\t\t\t\t\t<div class=\"elementor-element elementor-element-b6933c4 elementor-widget elementor-widget-image\" data-id=\"b6933c4\" data-element_type=\"widget\" data-e-type=\"widget\" data-widget_type=\"image.default\">\n\t\t\t\t<div class=\"elementor-widget-container\">\n\t\t\t\t\t\t\t\t\t\t\t\t\t\t\t\t<a href=\"https:\/\/www.detry.com\/wp-content\/uploads\/2024\/04\/DE-DFG_Kodex-fur-Mitarbeiter-.pdf\" target=\"_blank\">\n\t\t\t\t\t\t\t<img fetchpriority=\"high\" decoding=\"async\" width=\"800\" height=\"985\" src=\"https:\/\/www.detry.com\/wp-content\/uploads\/2024\/04\/DE-DFG_Kodex-fur-Mitarbeiter-2.jpg\" class=\"attachment-large size-large wp-image-4586\" alt=\"\" srcset=\"https:\/\/www.detry.com\/wp-content\/uploads\/2024\/04\/DE-DFG_Kodex-fur-Mitarbeiter-2.jpg 817w, https:\/\/www.detry.com\/wp-content\/uploads\/2024\/04\/DE-DFG_Kodex-fur-Mitarbeiter-2-244x300.jpg 244w, https:\/\/www.detry.com\/wp-content\/uploads\/2024\/04\/DE-DFG_Kodex-fur-Mitarbeiter-2-768x946.jpg 768w\" sizes=\"(max-width: 800px) 100vw, 800px\" \/>\t\t\t\t\t\t\t\t<\/a>\n\t\t\t\t\t\t\t\t\t\t\t\t\t\t\t<\/div>\n\t\t\t\t<\/div>\n\t\t\t\t\t<\/div>\n\t\t<\/div>\n\t\t\t\t<div class=\"elementor-column elementor-col-33 elementor-top-column elementor-element elementor-element-7fce223\" data-id=\"7fce223\" data-element_type=\"column\" data-e-type=\"column\">\n\t\t\t<div class=\"elementor-widget-wrap elementor-element-populated\">\n\t\t\t\t\t\t<div class=\"elementor-element elementor-element-a8c7005 elementor-widget elementor-widget-image\" data-id=\"a8c7005\" data-element_type=\"widget\" data-e-type=\"widget\" data-widget_type=\"image.default\">\n\t\t\t\t<div class=\"elementor-widget-container\">\n\t\t\t\t\t\t\t\t\t\t\t\t\t\t\t\t<a href=\"https:\/\/www.detry.com\/wp-content\/uploads\/2024\/04\/DE-DFG_VerhaltenskodexfurLieferanten.pdf\" target=\"_blank\">\n\t\t\t\t\t\t\t<img decoding=\"async\" width=\"800\" height=\"985\" src=\"https:\/\/www.detry.com\/wp-content\/uploads\/2024\/04\/DE-DFG_VerhaltenskodexfurLieferanten-2.jpg\" class=\"attachment-large size-large wp-image-4594\" alt=\"\" srcset=\"https:\/\/www.detry.com\/wp-content\/uploads\/2024\/04\/DE-DFG_VerhaltenskodexfurLieferanten-2.jpg 817w, https:\/\/www.detry.com\/wp-content\/uploads\/2024\/04\/DE-DFG_VerhaltenskodexfurLieferanten-2-244x300.jpg 244w, https:\/\/www.detry.com\/wp-content\/uploads\/2024\/04\/DE-DFG_VerhaltenskodexfurLieferanten-2-768x946.jpg 768w\" sizes=\"(max-width: 800px) 100vw, 800px\" \/>\t\t\t\t\t\t\t\t<\/a>\n\t\t\t\t\t\t\t\t\t\t\t\t\t\t\t<\/div>\n\t\t\t\t<\/div>\n\t\t\t\t\t<\/div>\n\t\t<\/div>\n\t\t\t\t<div class=\"elementor-column elementor-col-33 elementor-top-column elementor-element elementor-element-405acc6\" data-id=\"405acc6\" data-element_type=\"column\" data-e-type=\"column\">\n\t\t\t<div class=\"elementor-widget-wrap elementor-element-populated\">\n\t\t\t\t\t\t<div class=\"elementor-element elementor-element-5cf0c75 elementor-widget elementor-widget-image\" data-id=\"5cf0c75\" data-element_type=\"widget\" data-e-type=\"widget\" data-widget_type=\"image.default\">\n\t\t\t\t<div class=\"elementor-widget-container\">\n\t\t\t\t\t\t\t\t\t\t\t\t\t\t\t\t<a href=\"https:\/\/www.detry.com\/wp-content\/uploads\/2024\/04\/DE-DFG_KodexGeschaftsfuhrung.pdf\" target=\"_blank\">\n\t\t\t\t\t\t\t<img decoding=\"async\" width=\"800\" height=\"985\" src=\"https:\/\/www.detry.com\/wp-content\/uploads\/2024\/04\/DE-DFG_KodexGeschaftsfuhrung-2.jpg\" class=\"attachment-large size-large wp-image-4590\" alt=\"\" srcset=\"https:\/\/www.detry.com\/wp-content\/uploads\/2024\/04\/DE-DFG_KodexGeschaftsfuhrung-2.jpg 817w, https:\/\/www.detry.com\/wp-content\/uploads\/2024\/04\/DE-DFG_KodexGeschaftsfuhrung-2-244x300.jpg 244w, https:\/\/www.detry.com\/wp-content\/uploads\/2024\/04\/DE-DFG_KodexGeschaftsfuhrung-2-768x946.jpg 768w\" sizes=\"(max-width: 800px) 100vw, 800px\" \/>\t\t\t\t\t\t\t\t<\/a>\n\t\t\t\t\t\t\t\t\t\t\t\t\t\t\t<\/div>\n\t\t\t\t<\/div>\n\t\t\t\t\t<\/div>\n\t\t<\/div>\n\t\t\t\t\t<\/div>\n\t\t<\/section>\n\t\t\t\t<\/div>\n\t\t","protected":false},"excerpt":{"rendered":"<p>Unser Unternehmen Unsere Engagements Detry liefert nicht nur Fleischwaren von erstklassiger Qualit\u00e4t, sondern legt ebenfalls viel Wert darauf, dass die Gesch\u00e4ftst\u00e4tigkeit in Einklang mit den geltenten Rechtsvorschriften und den Prinzipien der Integrit\u00e4t und der Ehrlichkeit ausgef\u00fchrt wird. Um die Einhaltung dieser Gesetze und Prinzipien zu gew\u00e4hrleisten, st\u00fctzen wir uns auf den Verhaltenskodex (Personal und Lieferanten) [&hellip;]<\/p>\n","protected":false},"author":2,"featured_media":0,"parent":0,"menu_order":0,"comment_status":"closed","ping_status":"closed","template":"","meta":{"footnotes":""},"class_list":["post-3277","page","type-page","status-publish","hentry"],"_links":{"self":[{"href":"https:\/\/www.detry.com\/de\/wp-json\/wp\/v2\/pages\/3277","targetHints":{"allow":["GET"]}}],"collection":[{"href":"https:\/\/www.detry.com\/de\/wp-json\/wp\/v2\/pages"}],"about":[{"href":"https:\/\/www.detry.com\/de\/wp-json\/wp\/v2\/types\/page"}],"author":[{"embeddable":true,"href":"https:\/\/www.detry.com\/de\/wp-json\/wp\/v2\/users\/2"}],"replies":[{"embeddable":true,"href":"https:\/\/www.detry.com\/de\/wp-json\/wp\/v2\/comments?post=3277"}],"version-history":[{"count":8,"href":"https:\/\/www.detry.com\/de\/wp-json\/wp\/v2\/pages\/3277\/revisions"}],"predecessor-version":[{"id":4843,"href":"https:\/\/www.detry.com\/de\/wp-json\/wp\/v2\/pages\/3277\/revisions\/4843"}],"wp:attachment":[{"href":"https:\/\/www.detry.com\/de\/wp-json\/wp\/v2\/media?parent=3277"}],"curies":[{"name":"wp","href":"https:\/\/api.w.org\/{rel}","templated":true}]}}