{"id":3324,"date":"2022-02-02T14:47:52","date_gmt":"2022-02-02T13:47:52","guid":{"rendered":"https:\/\/www.detry.com\/detry-food-group\/"},"modified":"2024-05-14T16:36:13","modified_gmt":"2024-05-14T14:36:13","slug":"detry-food-group","status":"publish","type":"page","link":"https:\/\/www.detry.com\/de\/detry-food-group\/","title":{"rendered":"Detry Food Group"},"content":{"rendered":"\t\t<div data-elementor-type=\"wp-page\" data-elementor-id=\"3324\" class=\"elementor elementor-3324 elementor-54\" data-elementor-post-type=\"page\">\n\t\t\t\t\t\t<section class=\"elementor-section elementor-top-section elementor-element elementor-element-8772a08 elementor-section-full_width elementor-section-height-min-height elementor-section-items-stretch elementor-section-height-default\" data-id=\"8772a08\" data-element_type=\"section\" data-e-type=\"section\">\n\t\t\t\t\t\t<div class=\"elementor-container elementor-column-gap-no\">\n\t\t\t\t\t<div class=\"elementor-column elementor-col-50 elementor-top-column elementor-element elementor-element-31989eb\" data-id=\"31989eb\" data-element_type=\"column\" data-e-type=\"column\">\n\t\t\t<div class=\"elementor-widget-wrap elementor-element-populated\">\n\t\t\t\t\t\t<section class=\"elementor-section elementor-inner-section elementor-element elementor-element-20c51f2 elementor-section-boxed elementor-section-height-default elementor-section-height-default elementor-invisible\" data-id=\"20c51f2\" data-element_type=\"section\" data-e-type=\"section\" data-settings=\"{&quot;animation&quot;:&quot;slideInLeft&quot;}\">\n\t\t\t\t\t\t<div class=\"elementor-container elementor-column-gap-no\">\n\t\t\t\t\t<div class=\"elementor-column elementor-col-100 elementor-inner-column elementor-element elementor-element-e291f9e\" data-id=\"e291f9e\" data-element_type=\"column\" data-e-type=\"column\">\n\t\t\t<div class=\"elementor-widget-wrap elementor-element-populated\">\n\t\t\t\t\t\t<div class=\"elementor-element elementor-element-cb30c41 elementor-widget elementor-widget-heading\" data-id=\"cb30c41\" data-element_type=\"widget\" data-e-type=\"widget\" data-widget_type=\"heading.default\">\n\t\t\t\t<div class=\"elementor-widget-container\">\n\t\t\t\t\t<div class=\"elementor-heading-title elementor-size-default\">Unser Unternehmen<\/div>\t\t\t\t<\/div>\n\t\t\t\t<\/div>\n\t\t\t\t<div class=\"elementor-element elementor-element-8cce474 elementor-widget elementor-widget-heading\" data-id=\"8cce474\" data-element_type=\"widget\" data-e-type=\"widget\" data-widget_type=\"heading.default\">\n\t\t\t\t<div class=\"elementor-widget-container\">\n\t\t\t\t\t<h1 class=\"elementor-heading-title elementor-size-default\">Hinter Detry steht eine solide und solidarische Gruppe!<\/h1>\t\t\t\t<\/div>\n\t\t\t\t<\/div>\n\t\t\t\t\t<\/div>\n\t\t<\/div>\n\t\t\t\t\t<\/div>\n\t\t<\/section>\n\t\t\t\t\t<\/div>\n\t\t<\/div>\n\t\t\t\t<div class=\"elementor-column elementor-col-50 elementor-top-column elementor-element elementor-element-34c724e\" data-id=\"34c724e\" data-element_type=\"column\" data-e-type=\"column\" data-settings=\"{&quot;background_background&quot;:&quot;classic&quot;}\">\n\t\t\t<div class=\"elementor-widget-wrap elementor-element-populated\">\n\t\t\t\t\t\t<div class=\"elementor-element elementor-element-9b7e584 elementor-widget elementor-widget-spacer\" data-id=\"9b7e584\" data-element_type=\"widget\" data-e-type=\"widget\" data-widget_type=\"spacer.default\">\n\t\t\t\t<div class=\"elementor-widget-container\">\n\t\t\t\t\t\t\t<div class=\"elementor-spacer\">\n\t\t\t<div class=\"elementor-spacer-inner\"><\/div>\n\t\t<\/div>\n\t\t\t\t\t\t<\/div>\n\t\t\t\t<\/div>\n\t\t\t\t\t<\/div>\n\t\t<\/div>\n\t\t\t\t\t<\/div>\n\t\t<\/section>\n\t\t\t\t<section class=\"elementor-section elementor-top-section elementor-element elementor-element-7074ca8 elementor-section-boxed elementor-section-height-default elementor-section-height-default\" data-id=\"7074ca8\" data-element_type=\"section\" data-e-type=\"section\">\n\t\t\t\t\t\t<div class=\"elementor-container elementor-column-gap-default\">\n\t\t\t\t\t<div class=\"elementor-column elementor-col-100 elementor-top-column elementor-element elementor-element-01a3232\" data-id=\"01a3232\" data-element_type=\"column\" data-e-type=\"column\">\n\t\t\t<div class=\"elementor-widget-wrap elementor-element-populated\">\n\t\t\t\t\t\t<div class=\"elementor-element elementor-element-927d1c9 elementor-widget elementor-widget-image\" data-id=\"927d1c9\" data-element_type=\"widget\" data-e-type=\"widget\" data-widget_type=\"image.default\">\n\t\t\t\t<div class=\"elementor-widget-container\">\n\t\t\t\t\t\t\t\t\t\t\t\t\t\t\t<img decoding=\"async\" src=\"https:\/\/www.detry.com\/wp-content\/uploads\/elementor\/thumbs\/logo-detry-food-group-pih0id8stc9j7jlyhd8aq5rgbvrhznlr7lsxwx5xi4.png\" title=\"logo-detry-food-group\" alt=\"Logo Detry Food Group\" loading=\"lazy\" \/>\t\t\t\t\t\t\t\t\t\t\t\t\t\t\t<\/div>\n\t\t\t\t<\/div>\n\t\t\t\t\t<\/div>\n\t\t<\/div>\n\t\t\t\t\t<\/div>\n\t\t<\/section>\n\t\t\t\t<section class=\"elementor-section elementor-top-section elementor-element elementor-element-8190785 elementor-section-content-middle elementor-section-boxed elementor-section-height-default elementor-section-height-default\" data-id=\"8190785\" data-element_type=\"section\" data-e-type=\"section\">\n\t\t\t\t\t\t<div class=\"elementor-container elementor-column-gap-default\">\n\t\t\t\t\t<div class=\"elementor-column elementor-col-50 elementor-top-column elementor-element elementor-element-535271c elementor-invisible\" data-id=\"535271c\" data-element_type=\"column\" data-e-type=\"column\" data-settings=\"{&quot;animation&quot;:&quot;slideInRight&quot;}\">\n\t\t\t<div class=\"elementor-widget-wrap elementor-element-populated\">\n\t\t\t\t\t\t<div class=\"elementor-element elementor-element-0f1c8b1 elementor-widget elementor-widget-text-editor\" data-id=\"0f1c8b1\" data-element_type=\"widget\" data-e-type=\"widget\" data-settings=\"{&quot;_animation_tablet&quot;:&quot;none&quot;}\" data-widget_type=\"text-editor.default\">\n\t\t\t\t<div class=\"elementor-widget-container\">\n\t\t\t\t\t\t\t\t\t<p>Unseren Verbrauchern die M\u00f6glichkeit zu bieten, hochwertige Wurstwaren zu probieren, ist die Vision, die wir seit der Gr\u00fcndung der Detry Food Group teilen.<\/p><p>Heute verteilen wir dieses einzigartige Know-how in unseren 3 Produktionsst\u00e4tten und setzen so die Tradition eines leidenschaftlichen und engagierten Unternehmens fort.<\/p><p>An jedem dieser Standorte verf\u00fcgen wir \u00fcber eine vollst\u00e4ndige Infrastruktur und die M\u00f6glichkeit, die vollst\u00e4ndige Kontrolle \u00fcber die Produktionskette zu gew\u00e4hrleisten.<\/p><p>Herstellung, Aufschnitt, Verpackung, Transport, unser Herstellungsprozess wird perfekt kontrolliert und die K\u00fchlkette perfekt eingehalten.<\/p>\t\t\t\t\t\t\t\t<\/div>\n\t\t\t\t<\/div>\n\t\t\t\t\t<\/div>\n\t\t<\/div>\n\t\t\t\t<div class=\"elementor-column elementor-col-50 elementor-top-column elementor-element elementor-element-6dd917f\" data-id=\"6dd917f\" data-element_type=\"column\" data-e-type=\"column\">\n\t\t\t<div class=\"elementor-widget-wrap\">\n\t\t\t\t\t\t\t<\/div>\n\t\t<\/div>\n\t\t\t\t\t<\/div>\n\t\t<\/section>\n\t\t\t\t<section class=\"elementor-section elementor-top-section elementor-element elementor-element-8b1fe97 elementor-section-boxed elementor-section-height-default elementor-section-height-default\" data-id=\"8b1fe97\" data-element_type=\"section\" data-e-type=\"section\">\n\t\t\t\t\t\t<div class=\"elementor-container elementor-column-gap-default\">\n\t\t\t\t\t<div class=\"elementor-column elementor-col-33 elementor-top-column elementor-element elementor-element-6c1c888\" data-id=\"6c1c888\" data-element_type=\"column\" data-e-type=\"column\" data-settings=\"{&quot;background_background&quot;:&quot;classic&quot;}\">\n\t\t\t<div class=\"elementor-widget-wrap elementor-element-populated\">\n\t\t\t\t\t\t<div class=\"elementor-element elementor-element-bee94ce elementor-widget elementor-widget-image\" data-id=\"bee94ce\" data-element_type=\"widget\" data-e-type=\"widget\" data-widget_type=\"image.default\">\n\t\t\t\t<div class=\"elementor-widget-container\">\n\t\t\t\t\t\t\t\t\t\t\t\t\t\t\t\t<a href=\"https:\/\/www.detry.com\/de\/ueber-unser-unternehmen\/\">\n\t\t\t\t\t\t\t<img fetchpriority=\"high\" decoding=\"async\" width=\"300\" height=\"259\" src=\"https:\/\/www.detry.com\/wp-content\/uploads\/2022\/01\/detry-charcuterie-300x259.jpg\" class=\"attachment-medium size-medium wp-image-2925\" alt=\"Logo Detry Charcuterie\" srcset=\"https:\/\/www.detry.com\/wp-content\/uploads\/2022\/01\/detry-charcuterie-300x259.jpg 300w, https:\/\/www.detry.com\/wp-content\/uploads\/2022\/01\/detry-charcuterie-768x662.jpg 768w, https:\/\/www.detry.com\/wp-content\/uploads\/2022\/01\/detry-charcuterie.jpg 1000w\" sizes=\"(max-width: 300px) 100vw, 300px\" \/>\t\t\t\t\t\t\t\t<\/a>\n\t\t\t\t\t\t\t\t\t\t\t\t\t\t\t<\/div>\n\t\t\t\t<\/div>\n\t\t\t\t\t<\/div>\n\t\t<\/div>\n\t\t\t\t<div class=\"elementor-column elementor-col-33 elementor-top-column elementor-element elementor-element-2d39b45\" data-id=\"2d39b45\" data-element_type=\"column\" data-e-type=\"column\" data-settings=\"{&quot;background_background&quot;:&quot;classic&quot;}\">\n\t\t\t<div class=\"elementor-widget-wrap elementor-element-populated\">\n\t\t\t\t\t\t<div class=\"elementor-element elementor-element-85a9ca6 elementor-widget elementor-widget-image\" data-id=\"85a9ca6\" data-element_type=\"widget\" data-e-type=\"widget\" data-widget_type=\"image.default\">\n\t\t\t\t<div class=\"elementor-widget-container\">\n\t\t\t\t\t\t\t\t\t\t\t\t\t\t\t\t<a href=\"https:\/\/www.detry.com\/de\/unsere-produkte\/\">\n\t\t\t\t\t\t\t<img decoding=\"async\" width=\"800\" height=\"456\" src=\"https:\/\/www.detry.com\/wp-content\/uploads\/2022\/01\/bel-ardenne-salaison-logo.jpg\" class=\"attachment-large size-large wp-image-2933\" alt=\"Bel Ardenne Salaison - Logo\" srcset=\"https:\/\/www.detry.com\/wp-content\/uploads\/2022\/01\/bel-ardenne-salaison-logo.jpg 1000w, https:\/\/www.detry.com\/wp-content\/uploads\/2022\/01\/bel-ardenne-salaison-logo-300x171.jpg 300w, https:\/\/www.detry.com\/wp-content\/uploads\/2022\/01\/bel-ardenne-salaison-logo-768x438.jpg 768w\" sizes=\"(max-width: 800px) 100vw, 800px\" \/>\t\t\t\t\t\t\t\t<\/a>\n\t\t\t\t\t\t\t\t\t\t\t\t\t\t\t<\/div>\n\t\t\t\t<\/div>\n\t\t\t\t\t<\/div>\n\t\t<\/div>\n\t\t\t\t<div class=\"elementor-column elementor-col-33 elementor-top-column elementor-element elementor-element-f5a0ad0\" data-id=\"f5a0ad0\" data-element_type=\"column\" data-e-type=\"column\" data-settings=\"{&quot;background_background&quot;:&quot;classic&quot;}\">\n\t\t\t<div class=\"elementor-widget-wrap elementor-element-populated\">\n\t\t\t\t\t\t<div class=\"elementor-element elementor-element-fc5974c elementor-widget elementor-widget-image\" data-id=\"fc5974c\" data-element_type=\"widget\" data-e-type=\"widget\" data-widget_type=\"image.default\">\n\t\t\t\t<div class=\"elementor-widget-container\">\n\t\t\t\t\t\t\t\t\t\t\t\t\t\t\t\t<a href=\"https:\/\/www.polcapate.be\/fr\/\" target=\"_blank\">\n\t\t\t\t\t\t\t<img decoding=\"async\" width=\"800\" height=\"710\" src=\"https:\/\/www.detry.com\/wp-content\/uploads\/2022\/01\/polca-pate-logo.jpg\" class=\"attachment-large size-large wp-image-2929\" alt=\"Polca Pat\u00e9 Logo\" srcset=\"https:\/\/www.detry.com\/wp-content\/uploads\/2022\/01\/polca-pate-logo.jpg 1000w, https:\/\/www.detry.com\/wp-content\/uploads\/2022\/01\/polca-pate-logo-300x266.jpg 300w, https:\/\/www.detry.com\/wp-content\/uploads\/2022\/01\/polca-pate-logo-768x682.jpg 768w\" sizes=\"(max-width: 800px) 100vw, 800px\" \/>\t\t\t\t\t\t\t\t<\/a>\n\t\t\t\t\t\t\t\t\t\t\t\t\t\t\t<\/div>\n\t\t\t\t<\/div>\n\t\t\t\t\t<\/div>\n\t\t<\/div>\n\t\t\t\t\t<\/div>\n\t\t<\/section>\n\t\t\t\t<\/div>\n\t\t","protected":false},"excerpt":{"rendered":"<p>Unser Unternehmen Hinter Detry steht eine solide und solidarische Gruppe! Unseren Verbrauchern die M\u00f6glichkeit zu bieten, hochwertige Wurstwaren zu probieren, ist die Vision, die wir seit der Gr\u00fcndung der Detry Food Group teilen. Heute verteilen wir dieses einzigartige Know-how in unseren 3 Produktionsst\u00e4tten und setzen so die Tradition eines leidenschaftlichen und engagierten Unternehmens fort. An [&hellip;]<\/p>\n","protected":false},"author":1,"featured_media":556,"parent":0,"menu_order":3,"comment_status":"closed","ping_status":"closed","template":"elementor_header_footer","meta":{"footnotes":""},"class_list":["post-3324","page","type-page","status-publish","has-post-thumbnail","hentry"],"_links":{"self":[{"href":"https:\/\/www.detry.com\/de\/wp-json\/wp\/v2\/pages\/3324","targetHints":{"allow":["GET"]}}],"collection":[{"href":"https:\/\/www.detry.com\/de\/wp-json\/wp\/v2\/pages"}],"about":[{"href":"https:\/\/www.detry.com\/de\/wp-json\/wp\/v2\/types\/page"}],"author":[{"embeddable":true,"href":"https:\/\/www.detry.com\/de\/wp-json\/wp\/v2\/users\/1"}],"replies":[{"embeddable":true,"href":"https:\/\/www.detry.com\/de\/wp-json\/wp\/v2\/comments?post=3324"}],"version-history":[{"count":22,"href":"https:\/\/www.detry.com\/de\/wp-json\/wp\/v2\/pages\/3324\/revisions"}],"predecessor-version":[{"id":4716,"href":"https:\/\/www.detry.com\/de\/wp-json\/wp\/v2\/pages\/3324\/revisions\/4716"}],"wp:featuredmedia":[{"embeddable":true,"href":"https:\/\/www.detry.com\/de\/wp-json\/wp\/v2\/media\/556"}],"wp:attachment":[{"href":"https:\/\/www.detry.com\/de\/wp-json\/wp\/v2\/media?parent=3324"}],"curies":[{"name":"wp","href":"https:\/\/api.w.org\/{rel}","templated":true}]}}