{"id":3335,"date":"2022-02-02T15:51:01","date_gmt":"2022-02-02T14:51:01","guid":{"rendered":"https:\/\/www.detry.com\/arbeitsplaetze\/"},"modified":"2022-02-02T15:51:02","modified_gmt":"2022-02-02T14:51:02","slug":"arbeitsplaetze","status":"publish","type":"page","link":"https:\/\/www.detry.com\/de\/arbeitsplaetze\/","title":{"rendered":"Arbeitspl\u00e4tze"},"content":{"rendered":"\t\t<div data-elementor-type=\"wp-page\" data-elementor-id=\"3335\" class=\"elementor elementor-3335 elementor-33\" data-elementor-post-type=\"page\">\n\t\t\t\t\t\t<section class=\"elementor-section elementor-top-section elementor-element elementor-element-0a49b46 elementor-section-full_width elementor-section-height-min-height elementor-section-items-stretch elementor-section-height-default\" data-id=\"0a49b46\" data-element_type=\"section\" data-e-type=\"section\">\n\t\t\t\t\t\t<div class=\"elementor-container elementor-column-gap-no\">\n\t\t\t\t\t<div class=\"elementor-column elementor-col-50 elementor-top-column elementor-element elementor-element-fc584cd\" data-id=\"fc584cd\" data-element_type=\"column\" data-e-type=\"column\">\n\t\t\t<div class=\"elementor-widget-wrap elementor-element-populated\">\n\t\t\t\t\t\t<section class=\"elementor-section elementor-inner-section elementor-element elementor-element-66880b2 elementor-section-boxed elementor-section-height-default elementor-section-height-default elementor-invisible\" data-id=\"66880b2\" data-element_type=\"section\" data-e-type=\"section\" data-settings=\"{&quot;animation&quot;:&quot;slideInLeft&quot;}\">\n\t\t\t\t\t\t<div class=\"elementor-container elementor-column-gap-no\">\n\t\t\t\t\t<div class=\"elementor-column elementor-col-100 elementor-inner-column elementor-element elementor-element-d6e3049\" data-id=\"d6e3049\" data-element_type=\"column\" data-e-type=\"column\">\n\t\t\t<div class=\"elementor-widget-wrap elementor-element-populated\">\n\t\t\t\t\t\t<div class=\"elementor-element elementor-element-54a55fc elementor-widget elementor-widget-heading\" data-id=\"54a55fc\" data-element_type=\"widget\" data-e-type=\"widget\" data-widget_type=\"heading.default\">\n\t\t\t\t<div class=\"elementor-widget-container\">\n\t\t\t\t\t<div class=\"elementor-heading-title elementor-size-default\">Arbeitspl\u00e4tze<\/div>\t\t\t\t<\/div>\n\t\t\t\t<\/div>\n\t\t\t\t<div class=\"elementor-element elementor-element-87a42e0 elementor-widget elementor-widget-heading\" data-id=\"87a42e0\" data-element_type=\"widget\" data-e-type=\"widget\" data-widget_type=\"heading.default\">\n\t\t\t\t<div class=\"elementor-widget-container\">\n\t\t\t\t\t<h1 class=\"elementor-heading-title elementor-size-default\">Kommen Sie zu uns!<\/h1>\t\t\t\t<\/div>\n\t\t\t\t<\/div>\n\t\t\t\t\t<\/div>\n\t\t<\/div>\n\t\t\t\t\t<\/div>\n\t\t<\/section>\n\t\t\t\t\t<\/div>\n\t\t<\/div>\n\t\t\t\t<div class=\"elementor-column elementor-col-50 elementor-top-column elementor-element elementor-element-6bebb97\" data-id=\"6bebb97\" data-element_type=\"column\" data-e-type=\"column\" data-settings=\"{&quot;background_background&quot;:&quot;classic&quot;}\">\n\t\t\t<div class=\"elementor-widget-wrap elementor-element-populated\">\n\t\t\t\t\t\t<div class=\"elementor-element elementor-element-84cad2d elementor-widget elementor-widget-spacer\" data-id=\"84cad2d\" data-element_type=\"widget\" data-e-type=\"widget\" data-widget_type=\"spacer.default\">\n\t\t\t\t<div class=\"elementor-widget-container\">\n\t\t\t\t\t\t\t<div class=\"elementor-spacer\">\n\t\t\t<div class=\"elementor-spacer-inner\"><\/div>\n\t\t<\/div>\n\t\t\t\t\t\t<\/div>\n\t\t\t\t<\/div>\n\t\t\t\t\t<\/div>\n\t\t<\/div>\n\t\t\t\t\t<\/div>\n\t\t<\/section>\n\t\t\t\t<section class=\"elementor-section elementor-top-section elementor-element elementor-element-471470f elementor-section-boxed elementor-section-height-default elementor-section-height-default\" data-id=\"471470f\" data-element_type=\"section\" data-e-type=\"section\">\n\t\t\t\t\t\t<div class=\"elementor-container elementor-column-gap-default\">\n\t\t\t\t\t<div class=\"elementor-column elementor-col-100 elementor-top-column elementor-element elementor-element-27e0887\" data-id=\"27e0887\" data-element_type=\"column\" data-e-type=\"column\">\n\t\t\t<div class=\"elementor-widget-wrap elementor-element-populated\">\n\t\t\t\t\t\t<div class=\"elementor-element elementor-element-a755083 elementor-widget elementor-widget-text-editor\" data-id=\"a755083\" data-element_type=\"widget\" data-e-type=\"widget\" data-widget_type=\"text-editor.default\">\n\t\t\t\t<div class=\"elementor-widget-container\">\n\t\t\t\t\t\t\t\t\t<p><strong>Wir bei Detry sind st\u00e4ndig auf der Suche nach neuen Talenten, um unsere Teams zu verst\u00e4rken!<\/strong><\/p>\n<p><strong>Sind Sie junge Hochschulabsolventen, erfahrene Spezialisten oder einfach nur auf der Suche nach einem motivierenden Job in einem Familienunternehmen mit Blick in die Zukunft? Wir stellen regelm\u00e4\u00dfig ein!<\/strong><\/p>\n<p>In dieser Rubrik finden Sie alle unsere Stellenangebote. Schauen Sie gerne rein und bewerben Sie sich.<\/p>\n<p>\u00dcber den Lebenslauf hinaus achten wir besonders auf die Motivation, den Willen zur Weiterentwicklung und die Werte unserer Mitarbeiter.<br \/>\nWenn Sie der Meinung sind, dass Sie diese Erwartungen erf\u00fcllen, dann z\u00f6gern Sie nicht l\u00e4nger und bewerben Sie sich!<\/p>\n\t\t\t\t\t\t\t\t<\/div>\n\t\t\t\t<\/div>\n\t\t\t\t\t<\/div>\n\t\t<\/div>\n\t\t\t\t\t<\/div>\n\t\t<\/section>\n\t\t\t\t<section class=\"elementor-section elementor-top-section elementor-element elementor-element-0fb7a15 elementor-section-boxed elementor-section-height-default elementor-section-height-default\" data-id=\"0fb7a15\" data-element_type=\"section\" data-e-type=\"section\" data-settings=\"{&quot;background_background&quot;:&quot;classic&quot;}\">\n\t\t\t\t\t\t<div class=\"elementor-container elementor-column-gap-default\">\n\t\t\t\t\t<div class=\"elementor-column elementor-col-100 elementor-top-column elementor-element elementor-element-d036888\" data-id=\"d036888\" data-element_type=\"column\" data-e-type=\"column\">\n\t\t\t<div class=\"elementor-widget-wrap elementor-element-populated\">\n\t\t\t\t\t\t<section class=\"elementor-section elementor-inner-section elementor-element elementor-element-a45941f elementor-section-content-middle elementor-reverse-mobile elementor-section-boxed elementor-section-height-default elementor-section-height-default\" data-id=\"a45941f\" data-element_type=\"section\" data-e-type=\"section\">\n\t\t\t\t\t\t<div class=\"elementor-container elementor-column-gap-default\">\n\t\t\t\t\t<div class=\"elementor-column elementor-col-50 elementor-inner-column elementor-element elementor-element-a15e05c elementor-invisible\" data-id=\"a15e05c\" data-element_type=\"column\" data-e-type=\"column\" data-settings=\"{&quot;animation&quot;:&quot;slideInLeft&quot;}\">\n\t\t\t<div class=\"elementor-widget-wrap elementor-element-populated\">\n\t\t\t\t\t\t<div class=\"elementor-element elementor-element-1441c82 elementor-widget elementor-widget-text-editor\" data-id=\"1441c82\" data-element_type=\"widget\" data-e-type=\"widget\" data-widget_type=\"text-editor.default\">\n\t\t\t\t<div class=\"elementor-widget-container\">\n\t\t\t\t\t\t\t\t\t<p>Keines der aktuellen Angebote entspricht Ihrem Profil, aber Sie denken, dass Sie durch Ihre Ausbildung und\/oder Ihre F\u00e4higkeiten zum Fortbestand des Unternehmens DETRY beitragen k\u00f6nnen?<br \/>\nZ\u00f6gern Sie nicht, sich initiativ zu bewerben!<\/p>\n<p>Wir werden es sch\u00e4tzen und werden nicht z\u00f6gern, Sie zu kontaktieren, wenn sich eine Gelegenheit ergibt.<\/p>\n\t\t\t\t\t\t\t\t<\/div>\n\t\t\t\t<\/div>\n\t\t\t\t<div class=\"elementor-element elementor-element-f2c041c elementor-align-right elementor-mobile-align-left elementor-widget elementor-widget-button\" data-id=\"f2c041c\" data-element_type=\"widget\" data-e-type=\"widget\" data-widget_type=\"button.default\">\n\t\t\t\t<div class=\"elementor-widget-container\">\n\t\t\t\t\t\t\t\t\t<div class=\"elementor-button-wrapper\">\n\t\t\t\t\t<a class=\"elementor-button elementor-button-link elementor-size-sm\" href=\"#contact\">\n\t\t\t\t\t\t<span class=\"elementor-button-content-wrapper\">\n\t\t\t\t\t\t\t\t\t<span class=\"elementor-button-text\">Senden Sie Ihre Bewerbung an:<\/span>\n\t\t\t\t\t<\/span>\n\t\t\t\t\t<\/a>\n\t\t\t\t<\/div>\n\t\t\t\t\t\t\t\t<\/div>\n\t\t\t\t<\/div>\n\t\t\t\t\t<\/div>\n\t\t<\/div>\n\t\t\t\t<div class=\"elementor-column elementor-col-50 elementor-inner-column elementor-element elementor-element-7b29993\" data-id=\"7b29993\" data-element_type=\"column\" data-e-type=\"column\">\n\t\t\t<div class=\"elementor-widget-wrap elementor-element-populated\">\n\t\t\t\t\t\t<div class=\"elementor-element elementor-element-875f130 elementor-widget elementor-widget-image\" data-id=\"875f130\" data-element_type=\"widget\" data-e-type=\"widget\" data-widget_type=\"image.default\">\n\t\t\t\t<div class=\"elementor-widget-container\">\n\t\t\t\t\t\t\t\t\t\t\t\t\t\t\t<img fetchpriority=\"high\" decoding=\"async\" width=\"300\" height=\"300\" src=\"https:\/\/www.detry.com\/wp-content\/uploads\/2021\/12\/candidature-spontanee-detry.png\" class=\"attachment-large size-large wp-image-1955\" alt=\"Initiativbewerbung\" srcset=\"https:\/\/www.detry.com\/wp-content\/uploads\/2021\/12\/candidature-spontanee-detry.png 300w, https:\/\/www.detry.com\/wp-content\/uploads\/2021\/12\/candidature-spontanee-detry-150x150.png 150w\" sizes=\"(max-width: 300px) 100vw, 300px\" \/>\t\t\t\t\t\t\t\t\t\t\t\t\t\t\t<\/div>\n\t\t\t\t<\/div>\n\t\t\t\t\t<\/div>\n\t\t<\/div>\n\t\t\t\t\t<\/div>\n\t\t<\/section>\n\t\t\t\t\t<\/div>\n\t\t<\/div>\n\t\t\t\t\t<\/div>\n\t\t<\/section>\n\t\t\t\t<\/div>\n\t\t","protected":false},"excerpt":{"rendered":"<p>Arbeitspl\u00e4tze Kommen Sie zu uns! Wir bei Detry sind st\u00e4ndig auf der Suche nach neuen Talenten, um unsere Teams zu verst\u00e4rken! Sind Sie junge Hochschulabsolventen, erfahrene Spezialisten oder einfach nur auf der Suche nach einem motivierenden Job in einem Familienunternehmen mit Blick in die Zukunft? Wir stellen regelm\u00e4\u00dfig ein! In dieser Rubrik finden Sie alle [&hellip;]<\/p>\n","protected":false},"author":1,"featured_media":703,"parent":0,"menu_order":0,"comment_status":"closed","ping_status":"closed","template":"","meta":{"footnotes":""},"class_list":["post-3335","page","type-page","status-publish","has-post-thumbnail","hentry"],"_links":{"self":[{"href":"https:\/\/www.detry.com\/de\/wp-json\/wp\/v2\/pages\/3335","targetHints":{"allow":["GET"]}}],"collection":[{"href":"https:\/\/www.detry.com\/de\/wp-json\/wp\/v2\/pages"}],"about":[{"href":"https:\/\/www.detry.com\/de\/wp-json\/wp\/v2\/types\/page"}],"author":[{"embeddable":true,"href":"https:\/\/www.detry.com\/de\/wp-json\/wp\/v2\/users\/1"}],"replies":[{"embeddable":true,"href":"https:\/\/www.detry.com\/de\/wp-json\/wp\/v2\/comments?post=3335"}],"version-history":[{"count":1,"href":"https:\/\/www.detry.com\/de\/wp-json\/wp\/v2\/pages\/3335\/revisions"}],"predecessor-version":[{"id":3336,"href":"https:\/\/www.detry.com\/de\/wp-json\/wp\/v2\/pages\/3335\/revisions\/3336"}],"wp:featuredmedia":[{"embeddable":true,"href":"https:\/\/www.detry.com\/de\/wp-json\/wp\/v2\/media\/703"}],"wp:attachment":[{"href":"https:\/\/www.detry.com\/de\/wp-json\/wp\/v2\/media?parent=3335"}],"curies":[{"name":"wp","href":"https:\/\/api.w.org\/{rel}","templated":true}]}}