{"id":3344,"date":"2022-02-02T17:32:18","date_gmt":"2022-02-02T16:32:18","guid":{"rendered":"https:\/\/www.detry.com\/privacy-policy-de\/"},"modified":"2022-02-02T17:34:16","modified_gmt":"2022-02-02T16:34:16","slug":"privacy-policy","status":"publish","type":"page","link":"https:\/\/www.detry.com\/de\/privacy-policy\/","title":{"rendered":"Privacy policy"},"content":{"rendered":"\t\t<div data-elementor-type=\"wp-page\" data-elementor-id=\"3344\" class=\"elementor elementor-3344 elementor-2662\" data-elementor-post-type=\"page\">\n\t\t\t\t\t\t<section class=\"elementor-section elementor-top-section elementor-element elementor-element-98cc428 elementor-section-boxed elementor-section-height-default elementor-section-height-default\" data-id=\"98cc428\" data-element_type=\"section\" data-e-type=\"section\">\n\t\t\t\t\t\t<div class=\"elementor-container elementor-column-gap-default\">\n\t\t\t\t\t<div class=\"elementor-column elementor-col-100 elementor-top-column elementor-element elementor-element-ac42cf8\" data-id=\"ac42cf8\" data-element_type=\"column\" data-e-type=\"column\">\n\t\t\t<div class=\"elementor-widget-wrap elementor-element-populated\">\n\t\t\t\t\t\t<div class=\"elementor-element elementor-element-bf0f802 elementor-widget elementor-widget-text-editor\" data-id=\"bf0f802\" data-element_type=\"widget\" data-e-type=\"widget\" data-widget_type=\"text-editor.default\">\n\t\t\t\t<div class=\"elementor-widget-container\">\n\t\t\t\t\t\t\t\t\t<h1>Privacy policy<\/h1>\n<h2>Datenschutzerkl\u00e4rung<\/h2>\n<p>Die von Ihnen zur Verf\u00fcgung gestellten personenbezogenen Daten werden gem\u00e4\u00df dem Gesetz vom 8. Dezember 1992 \u00fcber den Schutz des Privatlebens hinsichtlich der Verarbeitung personenbezogener Daten und der Datenschutz-Grundverordnung (DSGVO \u2013 EU-Verordnung Nr. 2016\/679 vom 27. April 2016) verarbeitet.<\/p>\n<p>Ihre Daten werden in den Dateien der Firma S.A. Detry NV, rue de Merckhof 110, 4880 AUBEL, Belgien (Nr. 0402.327.393 im Register f\u00fcr juristische Personen\/RPM L\u00fcttich, Abteilung Verviers) erfasst, die f\u00fcr deren Verarbeitung verantwortlich ist.<\/p>\n<p>Die Daten werden zur Bearbeitung der Anfragen verwendet, die Sie \u00fcber das Online-Formular \u00fcbermitteln. Ferner k\u00f6nnen sie f\u00fcr statistische Zwecke verwendet werden.<\/p>\n<p>In Bezug auf die Daten, die Sie uns \u00fcbermitteln, haben Sie jederzeit die folgenden Rechte:<\/p>\n<ul>\n<li>Informationsrecht und Zugang zu den Daten, die Sie betreffen,<\/li>\n<li>das Recht auf Berichtigung oder L\u00f6schung dieser Daten,<\/li>\n<li>das Recht, die Verarbeitung dieser Daten einzuschr\u00e4nken,<\/li>\n<li>das Recht, ihrer Verarbeitung zu widersprechen.<\/li>\n<\/ul>\n<p>Um diese Rechte auszu\u00fcben, k\u00f6nnen Sie uns kontaktieren:<\/p>\n<ul>\n<li>per E-Mail an die Adresse : <a href=\"mailto:remove@detry.com\">remove@detry.com<\/a>,<\/li>\n<li>per Fax an die Nummer : 087\/680 613,<\/li>\n<li>per Post an die Anschrift: Detry S.A. \u2013 Service Marketing \u2013 rue de Merckhof 110, 4880 AUBEL, Belgien.<\/li>\n<\/ul>\n<p>Wir speichern Ihre Daten so lange, wie es f\u00fcr die Bearbeitung Ihrer Anfrage und f\u00fcr Archivierungszwecke erforderlich ist. Die Daten werden gel\u00f6scht, sobald Sie von Ihrem oben genannten Recht auf L\u00f6schung Gebrauch machen.<\/p>\n<p>Ferner m\u00f6chten wir Sie vorsorglich dar\u00fcber informieren, dass Sie, falls Sie der Ansicht sind, die Verarbeitung Ihrer Daten sei nicht rechtskonform, die M\u00f6glichkeit haben, dies der Datenschutzbeh\u00f6rde (<a href=\"mailto:contact@apd.gba.be\">contact@apd.gba.be<\/a>) zu melden.<\/p>\n<h2>Cookies<\/h2>\n<p>Wir weisen Sie darauf hin, dass wir allgemeine Cookies verwenden, um die Benutzerfreundlichkeit unserer Website zu verbessern. Sie haben die M\u00f6glichkeit, Ihre Browsereinstellungen so zu \u00e4ndern, dass die Verwendung dieser Cookies unterbunden wird.<\/p>\n\t\t\t\t\t\t\t\t<\/div>\n\t\t\t\t<\/div>\n\t\t\t\t\t<\/div>\n\t\t<\/div>\n\t\t\t\t\t<\/div>\n\t\t<\/section>\n\t\t\t\t<\/div>\n\t\t","protected":false},"excerpt":{"rendered":"<p>Privacy policy Datenschutzerkl\u00e4rung Die von Ihnen zur Verf\u00fcgung gestellten personenbezogenen Daten werden gem\u00e4\u00df dem Gesetz vom 8. Dezember 1992 \u00fcber den Schutz des Privatlebens hinsichtlich der Verarbeitung personenbezogener Daten und der Datenschutz-Grundverordnung (DSGVO \u2013 EU-Verordnung Nr. 2016\/679 vom 27. April 2016) verarbeitet. Ihre Daten werden in den Dateien der Firma S.A. Detry NV, rue de [&hellip;]<\/p>\n","protected":false},"author":2,"featured_media":0,"parent":0,"menu_order":0,"comment_status":"closed","ping_status":"closed","template":"","meta":{"footnotes":""},"class_list":["post-3344","page","type-page","status-publish","hentry"],"_links":{"self":[{"href":"https:\/\/www.detry.com\/de\/wp-json\/wp\/v2\/pages\/3344","targetHints":{"allow":["GET"]}}],"collection":[{"href":"https:\/\/www.detry.com\/de\/wp-json\/wp\/v2\/pages"}],"about":[{"href":"https:\/\/www.detry.com\/de\/wp-json\/wp\/v2\/types\/page"}],"author":[{"embeddable":true,"href":"https:\/\/www.detry.com\/de\/wp-json\/wp\/v2\/users\/2"}],"replies":[{"embeddable":true,"href":"https:\/\/www.detry.com\/de\/wp-json\/wp\/v2\/comments?post=3344"}],"version-history":[{"count":3,"href":"https:\/\/www.detry.com\/de\/wp-json\/wp\/v2\/pages\/3344\/revisions"}],"predecessor-version":[{"id":3347,"href":"https:\/\/www.detry.com\/de\/wp-json\/wp\/v2\/pages\/3344\/revisions\/3347"}],"wp:attachment":[{"href":"https:\/\/www.detry.com\/de\/wp-json\/wp\/v2\/media?parent=3344"}],"curies":[{"name":"wp","href":"https:\/\/api.w.org\/{rel}","templated":true}]}}