{"id":2556,"date":"2021-12-20T15:58:17","date_gmt":"2021-12-20T14:58:17","guid":{"rendered":"http:\/\/www.dev.detry.cloud03.visible.be\/news\/"},"modified":"2022-09-26T10:36:26","modified_gmt":"2022-09-26T08:36:26","slug":"news","status":"publish","type":"page","link":"https:\/\/www.detry.com\/nl\/news\/","title":{"rendered":"News"},"content":{"rendered":"\t\t<div data-elementor-type=\"wp-page\" data-elementor-id=\"2556\" class=\"elementor elementor-2556 elementor-35\" data-elementor-post-type=\"page\">\n\t\t\t\t\t\t<section class=\"elementor-section elementor-top-section elementor-element elementor-element-34f5d7b7 elementor-section-full_width elementor-section-height-min-height elementor-section-items-stretch elementor-section-height-default\" data-id=\"34f5d7b7\" data-element_type=\"section\" data-e-type=\"section\">\n\t\t\t\t\t\t<div class=\"elementor-container elementor-column-gap-no\">\n\t\t\t\t\t<div class=\"elementor-column elementor-col-50 elementor-top-column elementor-element elementor-element-1b48592d\" data-id=\"1b48592d\" data-element_type=\"column\" data-e-type=\"column\">\n\t\t\t<div class=\"elementor-widget-wrap elementor-element-populated\">\n\t\t\t\t\t\t<section class=\"elementor-section elementor-inner-section elementor-element elementor-element-34ee5e84 elementor-section-boxed elementor-section-height-default elementor-section-height-default elementor-invisible\" data-id=\"34ee5e84\" data-element_type=\"section\" data-e-type=\"section\" data-settings=\"{&quot;animation&quot;:&quot;slideInLeft&quot;}\">\n\t\t\t\t\t\t<div class=\"elementor-container elementor-column-gap-no\">\n\t\t\t\t\t<div class=\"elementor-column elementor-col-100 elementor-inner-column elementor-element elementor-element-927f791\" data-id=\"927f791\" data-element_type=\"column\" data-e-type=\"column\">\n\t\t\t<div class=\"elementor-widget-wrap elementor-element-populated\">\n\t\t\t\t\t\t<div class=\"elementor-element elementor-element-153ca38d elementor-widget elementor-widget-heading\" data-id=\"153ca38d\" data-element_type=\"widget\" data-e-type=\"widget\" data-widget_type=\"heading.default\">\n\t\t\t\t<div class=\"elementor-widget-container\">\n\t\t\t\t\t<div class=\"elementor-heading-title elementor-size-default\">Ontdekken<\/div>\t\t\t\t<\/div>\n\t\t\t\t<\/div>\n\t\t\t\t<div class=\"elementor-element elementor-element-1936533c elementor-widget elementor-widget-heading\" data-id=\"1936533c\" data-element_type=\"widget\" data-e-type=\"widget\" data-widget_type=\"heading.default\">\n\t\t\t\t<div class=\"elementor-widget-container\">\n\t\t\t\t\t<h1 class=\"elementor-heading-title elementor-size-default\">Ons nieuws<\/h1>\t\t\t\t<\/div>\n\t\t\t\t<\/div>\n\t\t\t\t\t<\/div>\n\t\t<\/div>\n\t\t\t\t\t<\/div>\n\t\t<\/section>\n\t\t\t\t\t<\/div>\n\t\t<\/div>\n\t\t\t\t<div class=\"elementor-column elementor-col-50 elementor-top-column elementor-element elementor-element-1b99f3d4\" data-id=\"1b99f3d4\" data-element_type=\"column\" data-e-type=\"column\" data-settings=\"{&quot;background_background&quot;:&quot;classic&quot;}\">\n\t\t\t<div class=\"elementor-widget-wrap elementor-element-populated\">\n\t\t\t\t\t\t<div class=\"elementor-element elementor-element-1d1ff54c elementor-widget elementor-widget-spacer\" data-id=\"1d1ff54c\" data-element_type=\"widget\" data-e-type=\"widget\" data-widget_type=\"spacer.default\">\n\t\t\t\t<div class=\"elementor-widget-container\">\n\t\t\t\t\t\t\t<div class=\"elementor-spacer\">\n\t\t\t<div class=\"elementor-spacer-inner\"><\/div>\n\t\t<\/div>\n\t\t\t\t\t\t<\/div>\n\t\t\t\t<\/div>\n\t\t\t\t\t<\/div>\n\t\t<\/div>\n\t\t\t\t\t<\/div>\n\t\t<\/section>\n\t\t\t\t<section class=\"elementor-section elementor-top-section elementor-element elementor-element-7d13ebf elementor-section-boxed elementor-section-height-default elementor-section-height-default\" data-id=\"7d13ebf\" data-element_type=\"section\" data-e-type=\"section\" data-settings=\"{&quot;background_background&quot;:&quot;classic&quot;}\">\n\t\t\t\t\t\t<div class=\"elementor-container elementor-column-gap-default\">\n\t\t\t\t\t<div class=\"elementor-column elementor-col-33 elementor-top-column elementor-element elementor-element-a751169\" data-id=\"a751169\" data-element_type=\"column\" data-e-type=\"column\">\n\t\t\t<div class=\"elementor-widget-wrap elementor-element-populated\">\n\t\t\t\t\t\t<div class=\"elementor-element elementor-element-53bdc83 elementor-widget elementor-widget-image\" data-id=\"53bdc83\" data-element_type=\"widget\" data-e-type=\"widget\" data-widget_type=\"image.default\">\n\t\t\t\t<div class=\"elementor-widget-container\">\n\t\t\t\t\t\t\t\t\t\t\t\t\t\t\t\t<a href=\"https:\/\/www.rtl.be\/info\/belgique\/societe\/les-belges-adorent-le-pate-le-plus-grand-producteur-de-wallonie-nous-fait-visiter-sa-cachette-secrete--1343153.aspx\" target=\"_blank\">\n\t\t\t\t\t\t\t<img fetchpriority=\"high\" decoding=\"async\" width=\"776\" height=\"433\" src=\"https:\/\/www.detry.com\/wp-content\/uploads\/2022\/09\/Reportage-charcuterie-1.jpg\" class=\"attachment-large size-large wp-image-3811\" alt=\"\" srcset=\"https:\/\/www.detry.com\/wp-content\/uploads\/2022\/09\/Reportage-charcuterie-1.jpg 776w, https:\/\/www.detry.com\/wp-content\/uploads\/2022\/09\/Reportage-charcuterie-1-300x167.jpg 300w, https:\/\/www.detry.com\/wp-content\/uploads\/2022\/09\/Reportage-charcuterie-1-768x429.jpg 768w\" sizes=\"(max-width: 776px) 100vw, 776px\" \/>\t\t\t\t\t\t\t\t<\/a>\n\t\t\t\t\t\t\t\t\t\t\t\t\t\t\t<\/div>\n\t\t\t\t<\/div>\n\t\t\t\t\t<\/div>\n\t\t<\/div>\n\t\t\t\t<div class=\"elementor-column elementor-col-66 elementor-top-column elementor-element elementor-element-3a338d5\" data-id=\"3a338d5\" data-element_type=\"column\" data-e-type=\"column\">\n\t\t\t<div class=\"elementor-widget-wrap elementor-element-populated\">\n\t\t\t\t\t\t<div class=\"elementor-element elementor-element-1065b83 elementor-widget elementor-widget-heading\" data-id=\"1065b83\" data-element_type=\"widget\" data-e-type=\"widget\" data-widget_type=\"heading.default\">\n\t\t\t\t<div class=\"elementor-widget-container\">\n\t\t\t\t\t<h3 class=\"elementor-heading-title elementor-size-default\">De context waarin wij, producenten en consumenten, momenteel opereren is bijzonder onstabiel.<\/h3>\t\t\t\t<\/div>\n\t\t\t\t<\/div>\n\t\t\t\t<div class=\"elementor-element elementor-element-a957670 elementor-widget elementor-widget-heading\" data-id=\"a957670\" data-element_type=\"widget\" data-e-type=\"widget\" data-widget_type=\"heading.default\">\n\t\t\t\t<div class=\"elementor-widget-container\">\n\t\t\t\t\t<h4 class=\"elementor-heading-title elementor-size-default\">September 2022<\/h4>\t\t\t\t<\/div>\n\t\t\t\t<\/div>\n\t\t\t\t<div class=\"elementor-element elementor-element-4bb27de elementor-widget elementor-widget-text-editor\" data-id=\"4bb27de\" data-element_type=\"widget\" data-e-type=\"widget\" data-widget_type=\"text-editor.default\">\n\t\t\t\t<div class=\"elementor-widget-container\">\n\t\t\t\t\t\t\t\t\t<p><b><\/b>Geconfronteerd met deze ongekende situatie en nieuwe consumentengewoonten, kregen wij onlangs de gelegenheid om onze mening te geven en onze ervaring te delen met het tijdschrift #D\u00e9licatesse.<\/p><p><span style=\"text-decoration: underline;\"><strong><a href=\"https:\/\/delicatesse.pmg.be\/fr\/dossier\/ERTbe2027W00_02\">Hieronder vindt u het artikel<\/a><\/strong><\/span><\/p>\t\t\t\t\t\t\t\t<\/div>\n\t\t\t\t<\/div>\n\t\t\t\t\t<\/div>\n\t\t<\/div>\n\t\t\t\t\t<\/div>\n\t\t<\/section>\n\t\t\t\t<section class=\"elementor-section elementor-top-section elementor-element elementor-element-1e30b85 elementor-section-boxed elementor-section-height-default elementor-section-height-default\" data-id=\"1e30b85\" data-element_type=\"section\" data-e-type=\"section\" data-settings=\"{&quot;background_background&quot;:&quot;classic&quot;}\">\n\t\t\t\t\t\t<div class=\"elementor-container elementor-column-gap-default\">\n\t\t\t\t\t<div class=\"elementor-column elementor-col-33 elementor-top-column elementor-element elementor-element-6e3d074\" data-id=\"6e3d074\" data-element_type=\"column\" data-e-type=\"column\">\n\t\t\t<div class=\"elementor-widget-wrap elementor-element-populated\">\n\t\t\t\t\t\t<div class=\"elementor-element elementor-element-c01f196 elementor-widget elementor-widget-image\" data-id=\"c01f196\" data-element_type=\"widget\" data-e-type=\"widget\" data-widget_type=\"image.default\">\n\t\t\t\t<div class=\"elementor-widget-container\">\n\t\t\t\t\t\t\t\t\t\t\t\t\t\t\t\t<a href=\"https:\/\/www.rtl.be\/info\/belgique\/societe\/les-belges-adorent-le-pate-le-plus-grand-producteur-de-wallonie-nous-fait-visiter-sa-cachette-secrete--1343153.aspx\" target=\"_blank\">\n\t\t\t\t\t\t\t<img decoding=\"async\" width=\"776\" height=\"433\" src=\"https:\/\/www.detry.com\/wp-content\/uploads\/2021\/12\/reportage-pate-decembre-2021.jpg\" class=\"attachment-large size-large wp-image-2120\" alt=\"Reportage sur les p\u00e2t\u00e9s Detry\" srcset=\"https:\/\/www.detry.com\/wp-content\/uploads\/2021\/12\/reportage-pate-decembre-2021.jpg 776w, https:\/\/www.detry.com\/wp-content\/uploads\/2021\/12\/reportage-pate-decembre-2021-300x167.jpg 300w, https:\/\/www.detry.com\/wp-content\/uploads\/2021\/12\/reportage-pate-decembre-2021-768x429.jpg 768w\" sizes=\"(max-width: 776px) 100vw, 776px\" \/>\t\t\t\t\t\t\t\t<\/a>\n\t\t\t\t\t\t\t\t\t\t\t\t\t\t\t<\/div>\n\t\t\t\t<\/div>\n\t\t\t\t\t<\/div>\n\t\t<\/div>\n\t\t\t\t<div class=\"elementor-column elementor-col-66 elementor-top-column elementor-element elementor-element-27a9391\" data-id=\"27a9391\" data-element_type=\"column\" data-e-type=\"column\">\n\t\t\t<div class=\"elementor-widget-wrap elementor-element-populated\">\n\t\t\t\t\t\t<div class=\"elementor-element elementor-element-a3f4328 elementor-widget elementor-widget-heading\" data-id=\"a3f4328\" data-element_type=\"widget\" data-e-type=\"widget\" data-widget_type=\"heading.default\">\n\t\t\t\t<div class=\"elementor-widget-container\">\n\t\t\t\t\t<h3 class=\"elementor-heading-title elementor-size-default\">Eindejaarsperiode  : Onze pat\u00e9s<\/h3>\t\t\t\t<\/div>\n\t\t\t\t<\/div>\n\t\t\t\t<div class=\"elementor-element elementor-element-4384f98 elementor-widget elementor-widget-heading\" data-id=\"4384f98\" data-element_type=\"widget\" data-e-type=\"widget\" data-widget_type=\"heading.default\">\n\t\t\t\t<div class=\"elementor-widget-container\">\n\t\t\t\t\t<h4 class=\"elementor-heading-title elementor-size-default\">D\u00e9cembre 2021<\/h4>\t\t\t\t<\/div>\n\t\t\t\t<\/div>\n\t\t\t\t<div class=\"elementor-element elementor-element-83a97ec elementor-widget elementor-widget-text-editor\" data-id=\"83a97ec\" data-element_type=\"widget\" data-e-type=\"widget\" data-widget_type=\"text-editor.default\">\n\t\t\t\t<div class=\"elementor-widget-container\">\n\t\t\t\t\t\t\t\t\t<p>Een paar dagen na elf pensen zijn het nu elf beroemde (in overheerlijke!) Pat\u00e9s die tijdens deze feestperiode in de schijnwerpers staan. Ze worden populairder bij de Belgen en bestaan \u200b\u200bin een veelheid van smaken, van de meest klassieke tot de meest creatieve! Benieuwd naar enkele fabrieksgeheimen? Ontdek elf &#8220;geheime schuilplaats&#8221; in deze prachtige journaalreportage van <a href=\"https:\/\/www.rtl.be\/info\/belgique\/societe\/les-belges-adorent-le-pate-le-plus-grand-producteur-de-wallonie-nous-fait-visiter-sa-cachette-secrete--1343153.aspx\" target=\"_blank\" rel=\"noopener\"><b>RTL-TVI<\/b><\/a>.<\/p>\t\t\t\t\t\t\t\t<\/div>\n\t\t\t\t<\/div>\n\t\t\t\t\t<\/div>\n\t\t<\/div>\n\t\t\t\t\t<\/div>\n\t\t<\/section>\n\t\t\t\t<section class=\"elementor-section elementor-top-section elementor-element elementor-element-e1f70b3 elementor-section-boxed elementor-section-height-default elementor-section-height-default\" data-id=\"e1f70b3\" data-element_type=\"section\" data-e-type=\"section\" data-settings=\"{&quot;background_background&quot;:&quot;classic&quot;}\">\n\t\t\t\t\t\t<div class=\"elementor-container elementor-column-gap-default\">\n\t\t\t\t\t<div class=\"elementor-column elementor-col-33 elementor-top-column elementor-element elementor-element-18c1854\" data-id=\"18c1854\" data-element_type=\"column\" data-e-type=\"column\">\n\t\t\t<div class=\"elementor-widget-wrap elementor-element-populated\">\n\t\t\t\t\t\t<div class=\"elementor-element elementor-element-a7adfa9 elementor-widget elementor-widget-image\" data-id=\"a7adfa9\" data-element_type=\"widget\" data-e-type=\"widget\" data-widget_type=\"image.default\">\n\t\t\t\t<div class=\"elementor-widget-container\">\n\t\t\t\t\t\t\t\t\t\t\t\t\t\t\t<img decoding=\"async\" width=\"400\" height=\"322\" src=\"https:\/\/www.detry.com\/wp-content\/uploads\/2021\/12\/detry-medaille_or_boudin.jpg\" class=\"attachment-large size-large wp-image-2098\" alt=\"3 Gouden Medailles voor onze pensen\" srcset=\"https:\/\/www.detry.com\/wp-content\/uploads\/2021\/12\/detry-medaille_or_boudin.jpg 400w, https:\/\/www.detry.com\/wp-content\/uploads\/2021\/12\/detry-medaille_or_boudin-300x242.jpg 300w\" sizes=\"(max-width: 400px) 100vw, 400px\" \/>\t\t\t\t\t\t\t\t\t\t\t\t\t\t\t<\/div>\n\t\t\t\t<\/div>\n\t\t\t\t\t<\/div>\n\t\t<\/div>\n\t\t\t\t<div class=\"elementor-column elementor-col-66 elementor-top-column elementor-element elementor-element-81bf461\" data-id=\"81bf461\" data-element_type=\"column\" data-e-type=\"column\">\n\t\t\t<div class=\"elementor-widget-wrap elementor-element-populated\">\n\t\t\t\t\t\t<div class=\"elementor-element elementor-element-19e1d3c elementor-widget elementor-widget-heading\" data-id=\"19e1d3c\" data-element_type=\"widget\" data-e-type=\"widget\" data-widget_type=\"heading.default\">\n\t\t\t\t<div class=\"elementor-widget-container\">\n\t\t\t\t\t<h3 class=\"elementor-heading-title elementor-size-default\">3 Gouden Medailles voor onze pensen!<\/h3>\t\t\t\t<\/div>\n\t\t\t\t<\/div>\n\t\t\t\t<div class=\"elementor-element elementor-element-ce06f63 elementor-widget elementor-widget-heading\" data-id=\"ce06f63\" data-element_type=\"widget\" data-e-type=\"widget\" data-widget_type=\"heading.default\">\n\t\t\t\t<div class=\"elementor-widget-container\">\n\t\t\t\t\t<h4 class=\"elementor-heading-title elementor-size-default\">09 December 2021<\/h4>\t\t\t\t<\/div>\n\t\t\t\t<\/div>\n\t\t\t\t<div class=\"elementor-element elementor-element-8be851c elementor-widget elementor-widget-text-editor\" data-id=\"8be851c\" data-element_type=\"widget\" data-e-type=\"widget\" data-widget_type=\"text-editor.default\">\n\t\t\t\t<div class=\"elementor-widget-container\">\n\t\t\t\t\t\t\t\t\t<p>Op 30 november hadden wij de eer een van de vertegenwoordigers van de <em>Corporation des Bouchers Charcutiers Traiteurs de Li\u00e8ge et Environs<\/em> in onze lokalen te verwelkomen. Tijdens dit bezoek mochten wij 3 gouden medailles in ontvangst nemen voor onze Luikse witte pens, onze zwarte pens met speculoos en onze witte pens met rozijnen. Dit is een zeer symbolische onderscheiding voor ons bedrijf, want het getuigt van de kwaliteit van het werk dat onze teams dagelijks verrichten. Traditie, artisanale recepten en knowhow zijn de waarden die ons al meer dan 50 jaar motiveren en die wij elke dag in de praktijk brengen om fijne vleeswaren van de hoogste kwaliteit aan te bieden!<\/p>\n\t\t\t\t\t\t\t\t<\/div>\n\t\t\t\t<\/div>\n\t\t\t\t\t<\/div>\n\t\t<\/div>\n\t\t\t\t\t<\/div>\n\t\t<\/section>\n\t\t\t\t<section class=\"elementor-section elementor-top-section elementor-element elementor-element-2473d9c elementor-section-boxed elementor-section-height-default elementor-section-height-default\" data-id=\"2473d9c\" data-element_type=\"section\" data-e-type=\"section\" data-settings=\"{&quot;background_background&quot;:&quot;classic&quot;}\">\n\t\t\t\t\t\t<div class=\"elementor-container elementor-column-gap-default\">\n\t\t\t\t\t<div class=\"elementor-column elementor-col-33 elementor-top-column elementor-element elementor-element-974201d\" data-id=\"974201d\" data-element_type=\"column\" data-e-type=\"column\">\n\t\t\t<div class=\"elementor-widget-wrap elementor-element-populated\">\n\t\t\t\t\t\t<div class=\"elementor-element elementor-element-676573a elementor-widget elementor-widget-video\" data-id=\"676573a\" data-element_type=\"widget\" data-e-type=\"widget\" data-settings=\"{&quot;youtube_url&quot;:&quot;https:\\\/\\\/www.youtube.com\\\/watch?v=IRuNlGwWmS4&quot;,&quot;video_type&quot;:&quot;youtube&quot;,&quot;controls&quot;:&quot;yes&quot;}\" data-widget_type=\"video.default\">\n\t\t\t\t<div class=\"elementor-widget-container\">\n\t\t\t\t\t\t\t<div class=\"elementor-wrapper elementor-open-inline\">\n\t\t\t<div class=\"elementor-video\"><\/div>\t\t<\/div>\n\t\t\t\t\t\t<\/div>\n\t\t\t\t<\/div>\n\t\t\t\t\t<\/div>\n\t\t<\/div>\n\t\t\t\t<div class=\"elementor-column elementor-col-66 elementor-top-column elementor-element elementor-element-43e5c88\" data-id=\"43e5c88\" data-element_type=\"column\" data-e-type=\"column\">\n\t\t\t<div class=\"elementor-widget-wrap elementor-element-populated\">\n\t\t\t\t\t\t<div class=\"elementor-element elementor-element-45c3a12 elementor-widget elementor-widget-heading\" data-id=\"45c3a12\" data-element_type=\"widget\" data-e-type=\"widget\" data-widget_type=\"heading.default\">\n\t\t\t\t<div class=\"elementor-widget-container\">\n\t\t\t\t\t<h3 class=\"elementor-heading-title elementor-size-default\">Waldorado : Een reportage in het hart van ons bedrijf <\/h3>\t\t\t\t<\/div>\n\t\t\t\t<\/div>\n\t\t\t\t<div class=\"elementor-element elementor-element-1f1f8f8 elementor-widget elementor-widget-heading\" data-id=\"1f1f8f8\" data-element_type=\"widget\" data-e-type=\"widget\" data-widget_type=\"heading.default\">\n\t\t\t\t<div class=\"elementor-widget-container\">\n\t\t\t\t\t<h4 class=\"elementor-heading-title elementor-size-default\">Maart 2021<\/h4>\t\t\t\t<\/div>\n\t\t\t\t<\/div>\n\t\t\t\t<div class=\"elementor-element elementor-element-e4533dc elementor-widget elementor-widget-text-editor\" data-id=\"e4533dc\" data-element_type=\"widget\" data-e-type=\"widget\" data-widget_type=\"text-editor.default\">\n\t\t\t\t<div class=\"elementor-widget-container\">\n\t\t\t\t\t\t\t\t\t<p>Gisteren hadden we het geluk bezoek te krijgen van het hele <a href=\"https:\/\/www.linkedin.com\/signup\/cold-join?session_redirect=https%3A%2F%2Fwww%2Elinkedin%2Ecom%2Ffeed%2Fhashtag%2Fwaldorado&amp;trk=public_post_share-update_update-text\"><strong>#Waldorado<\/strong><\/a> team, het programma gepresenteerd door <a href=\"https:\/\/be.linkedin.com\/in\/david-antoine?trk=public_post_share-update_update-text\"><strong>David Antoine<\/strong> dat <\/a>&#8220;Waalse pareltjes&#8221; in de bloemetjes zet. Een mooie en leuke ervaring die ons in staat stelde (een deel van) onze geschiedenis en onze familiale knowhow met de kijker te delen. Een intense reportage in het hart van ons bedrijf die zeer binnenkort wordt uitgezonden op <a href=\"https:\/\/www.linkedin.com\/company\/rtl-tvi?trk=public_post_share-update_update-text\"><strong>RTL-TVI<\/strong><\/a><\/p>\n\t\t\t\t\t\t\t\t<\/div>\n\t\t\t\t<\/div>\n\t\t\t\t\t<\/div>\n\t\t<\/div>\n\t\t\t\t\t<\/div>\n\t\t<\/section>\n\t\t\t\t<\/div>\n\t\t","protected":false},"excerpt":{"rendered":"<p>Ontdekken Ons nieuws De context waarin wij, producenten en consumenten, momenteel opereren is bijzonder onstabiel. September 2022 Geconfronteerd met deze ongekende situatie en nieuwe consumentengewoonten, kregen wij onlangs de gelegenheid om onze mening te geven en onze ervaring te delen met het tijdschrift #D\u00e9licatesse. Hieronder vindt u het artikel Eindejaarsperiode : Onze pat\u00e9s D\u00e9cembre 2021 [&hellip;]<\/p>\n","protected":false},"author":1,"featured_media":0,"parent":0,"menu_order":0,"comment_status":"closed","ping_status":"closed","template":"","meta":{"footnotes":""},"class_list":["post-2556","page","type-page","status-publish","hentry"],"_links":{"self":[{"href":"https:\/\/www.detry.com\/nl\/wp-json\/wp\/v2\/pages\/2556","targetHints":{"allow":["GET"]}}],"collection":[{"href":"https:\/\/www.detry.com\/nl\/wp-json\/wp\/v2\/pages"}],"about":[{"href":"https:\/\/www.detry.com\/nl\/wp-json\/wp\/v2\/types\/page"}],"author":[{"embeddable":true,"href":"https:\/\/www.detry.com\/nl\/wp-json\/wp\/v2\/users\/1"}],"replies":[{"embeddable":true,"href":"https:\/\/www.detry.com\/nl\/wp-json\/wp\/v2\/comments?post=2556"}],"version-history":[{"count":22,"href":"https:\/\/www.detry.com\/nl\/wp-json\/wp\/v2\/pages\/2556\/revisions"}],"predecessor-version":[{"id":3854,"href":"https:\/\/www.detry.com\/nl\/wp-json\/wp\/v2\/pages\/2556\/revisions\/3854"}],"wp:attachment":[{"href":"https:\/\/www.detry.com\/nl\/wp-json\/wp\/v2\/media?parent=2556"}],"curies":[{"name":"wp","href":"https:\/\/api.w.org\/{rel}","templated":true}]}}